{"id":5,"date":"2023-06-03T21:10:42","date_gmt":"2023-06-03T20:10:42","guid":{"rendered":"https:\/\/vrtrad.runa.si\/?page_id=5"},"modified":"2023-06-29T20:42:06","modified_gmt":"2023-06-29T20:42:06","slug":"homepage","status":"publish","type":"page","link":"https:\/\/vrtrad.runa.si\/","title":{"rendered":"Homepage"},"content":{"rendered":"\n<div style=\"background-color:#ffffff;padding-left:8%;padding-right:8%;padding-bottom:30%;padding-top:30%\" class=\"wp-block-genesis-blocks-gb-container narrow-content dark-text home-mobile gb-block-container alignfull\"><div class=\"gb-container-inside\"><div class=\"gb-container-content\" style=\"max-width:1200px\">\n<p><\/p>\n\n\n\n<div style=\"color:#ddd\" class=\"wp-block-genesis-blocks-gb-spacer gb-block-spacer gb-divider-solid gb-divider-size-1\"><hr style=\"height:120px\"\/><\/div>\n<\/div><\/div><\/div>\n\n\n\n<div style=\"background-color:#f9f9f9;padding-left:8%;padding-right:8%;padding-bottom:5%;padding-top:5%\" class=\"wp-block-genesis-blocks-gb-container gb-block-container alignfull\"><div class=\"gb-container-inside\"><div class=\"gb-container-content\" style=\"max-width:1200px\">\n<h2 class=\"wp-block-heading bold-text fade-in-up\">Obvestila za star\u0161e<\/h2>\n\n\n\n<hr class=\"wp-block-separator has-css-opacity is-style-default fade-in-up\"\/>\n\n\n\n<div class=\"wp-block-query obvestila-home is-layout-flow wp-block-query-is-layout-flow\"><ul class=\"wp-block-post-template is-layout-flow wp-block-post-template-is-layout-flow\"><li class=\"wp-block-post post-14 post type-post status-publish format-standard category-nekategorizirano tag-seznam-sprejetih-otrok entry\">\n<h2 class=\"wp-block-post-title\">Zaklju\u010dek leta<\/h2>\n\n<div class=\"wp-block-post-excerpt\"><p class=\"wp-block-post-excerpt__excerpt\">le \u0161e slab mesec dni nas lo\u010di do poletja in zaklju\u010dka \u0161olskega leta, ko se bodo najstarej\u0161i otroci poslovili od vrtca in po po\u010ditnicah od\u0161li v \u0161olo, mlaj\u0161i pa za kratek \u010das predahnili od vsakodnevnega vrt\u010devskega \u017eivljenja. V mesecu juniju bodo potekala zaklju\u010dna sre\u010danja, izleti, sprehodi in priprave na \u017eivljenje v vrtcih v poletnih mesecih.<\/p><p class=\"wp-block-post-excerpt__more-text\"><a class=\"wp-block-post-excerpt__more-link\" href=\"https:\/\/vrtrad.runa.si\/?p=14\">Preberi ve\u010d<\/a><\/p><\/div>\n<\/li><li class=\"wp-block-post post-13 post type-post status-publish format-standard category-nekategorizirano entry\">\n<h2 class=\"wp-block-post-title\">Understanding the Differences of Good (and Great) Design<\/h2>\n\n<div class=\"wp-block-post-excerpt\"><p class=\"wp-block-post-excerpt__excerpt\">This is a sample intro paragraph and can be used to introduce readers to your article. This is an example of a WordPress post, you could edit this to put information about yourself so readers know where you are coming from. You can create as many posts as you like in order to share with<\/p><p class=\"wp-block-post-excerpt__more-text\"><a class=\"wp-block-post-excerpt__more-link\" href=\"https:\/\/vrtrad.runa.si\/?p=13\">Preberi ve\u010d<\/a><\/p><\/div>\n<\/li><\/ul>\n\n<nav class=\"wp-block-query-pagination is-layout-flex wp-block-query-pagination-is-layout-flex\" aria-label=\"\u0160tevil\u010denje strani\">\n\n\n<div class=\"wp-block-query-pagination-numbers\"><span aria-current=\"page\" class=\"page-numbers current\">1<\/span>\n<a class=\"page-numbers\" href=\"?query-0-page=2&#038;rest_route=%2Fwp%2Fv2%2Fpages%2F5\">2<\/a><\/div>\n\n<a href=\"\/index.php?rest_route=%2Fwp%2Fv2%2Fpages%2F5&#038;query-0-page=2\" class=\"wp-block-query-pagination-next\">Naslednja stran<\/a>\n<\/nav>\n\n<\/div>\n<\/div><\/div><\/div>\n\n\n\n<div style=\"padding-left:8%;padding-right:8%;padding-bottom:10%;padding-top:10%\" class=\"wp-block-genesis-blocks-gb-container gb-block-container alignfull\"><div class=\"gb-container-inside\"><div class=\"gb-container-content\" style=\"max-width:1200px\">\n<h2 class=\"wp-block-heading bold-text fade-in-up\">Pomembne vsebine<\/h2>\n\n\n\n<hr class=\"wp-block-separator has-css-opacity is-style-default fade-in-up\"\/>\n\n\n\n<div class=\"wp-block-group\"><div class=\"wp-block-group__inner-container is-layout-constrained wp-block-group-is-layout-constrained\">\n<div class=\"wp-block-columns is-layout-flex wp-container-core-columns-is-layout-9d6595d7 wp-block-columns-is-layout-flex\">\n<div class=\"wp-block-column is-layout-flow wp-block-column-is-layout-flow\">\n<ul class=\"wp-block-list\">\n<li><a href=\"https:\/\/www.vrtec-radovljica.si\/seznam-sprejetih-otrok-za-solsko-leto-2023-2024\/\">Seznam sprejetih otrok za \u0161olsko leto 2023\/2024<\/a><\/li>\n\n\n\n<li><a href=\"https:\/\/www.vrtec-radovljica.si\/cakalni-seznam-za-solsko-leto-2023-2024\/\">\u010cakalni seznam za \u0161olsko leto 2023\/2024<\/a><\/li>\n\n\n\n<li><a href=\"https:\/\/www.vrtec-radovljica.si\/obveznost-cepljena-pred-vstopom-v-vrtec\/\">Obveznost cepljenja pred vstopom v vrtec<\/a><\/li>\n\n\n\n<li><a href=\"https:\/\/www.vrtec-radovljica.si\/nacrt-zagotavljanja-kontinuiranega-dela-v-casu-koronavirusa-covid-19\/\">Na\u010drt zagotavljanja kontinuiranega dela v \u010dasu koronavirusa (COVID-19)<\/a><\/li>\n\n\n\n<li><a href=\"https:\/\/www.vrtec-radovljica.si\/izterjava-neplacanih-oskrbnin-obvestilo-za-starse\/\">Izterjava nepla\u010danih oskrbnin \u2013 obvestilo za star\u0161e<\/a><\/li>\n\n\n\n<li><a href=\"https:\/\/www.vrtec-radovljica.si\/hisna-pravila\/\">Hi\u0161na pravila Vrtca Radovljica<\/a><\/li>\n\n\n\n<li><a href=\"https:\/\/www.vrtec-radovljica.si\/elektronska-odjava-odsotnost-otrok\/\">Elektronska odjava \u2013 odsotnost otrok<\/a><\/li>\n<\/ul>\n<\/div>\n\n\n\n<div class=\"wp-block-column is-layout-flow wp-block-column-is-layout-flow\">\n<ul class=\"wp-block-list\">\n<li><a href=\"https:\/\/www.vrtec-radovljica.si\/seznam-sprejetih-otrok-za-solsko-leto-2023-2024\/\">Seznam sprejetih otrok za \u0161olsko leto 2023\/2024<\/a><\/li>\n\n\n\n<li><a href=\"https:\/\/www.vrtec-radovljica.si\/cakalni-seznam-za-solsko-leto-2023-2024\/\">\u010cakalni seznam za \u0161olsko leto 2023\/2024<\/a><\/li>\n\n\n\n<li><a href=\"https:\/\/www.vrtec-radovljica.si\/obveznost-cepljena-pred-vstopom-v-vrtec\/\">Obveznost cepljenja pred vstopom v vrtec<\/a><\/li>\n\n\n\n<li><a href=\"https:\/\/www.vrtec-radovljica.si\/nacrt-zagotavljanja-kontinuiranega-dela-v-casu-koronavirusa-covid-19\/\">Na\u010drt zagotavljanja kontinuiranega dela v \u010dasu koronavirusa (COVID-19)<\/a><\/li>\n\n\n\n<li><a href=\"https:\/\/www.vrtec-radovljica.si\/izterjava-neplacanih-oskrbnin-obvestilo-za-starse\/\">Izterjava nepla\u010danih oskrbnin \u2013 obvestilo za star\u0161e<\/a><\/li>\n\n\n\n<li><a href=\"https:\/\/www.vrtec-radovljica.si\/hisna-pravila\/\">Hi\u0161na pravila Vrtca Radovljica<\/a><\/li>\n\n\n\n<li><a href=\"https:\/\/www.vrtec-radovljica.si\/elektronska-odjava-odsotnost-otrok\/\">Elektronska odjava \u2013 odsotnost otrok<\/a><\/li>\n<\/ul>\n<\/div>\n<\/div>\n<\/div><\/div>\n<\/div><\/div><\/div>\n\n\n\n<div style=\"background-color:#fff1d0;padding-left:8%;padding-right:8%;padding-top:5%\" class=\"wp-block-genesis-blocks-gb-container jedilnik gb-block-container alignfull\"><div class=\"gb-container-inside\"><div class=\"gb-container-content\" style=\"max-width:1200px\">\n<h2 class=\"wp-block-heading has-text-align-left bold-text fade-in-up\">Jedilnik<\/h2>\n\n\n\n<p class=\"fade-in-up\">Vzgoja o pravilni prehrani (otrok in dru\u017eine) je ena od glavnih sredstev za doseganje<br>dobrega zdravja in oblikovanje zdravih prehranjevalnih navad.<\/p>\n\n\n\n<hr class=\"wp-block-separator has-alpha-channel-opacity is-style-default fade-in-up\"\/>\n\n\n\n<div class=\"wp-block-columns fade-in-up is-layout-flex wp-container-core-columns-is-layout-9d6595d7 wp-block-columns-is-layout-flex\">\n<div class=\"wp-block-column is-layout-flow wp-block-column-is-layout-flow\">\n<h3 class=\"wp-block-heading\">TEDENSKI JEDILNIK<\/h3>\n\n\n\n<ul class=\"wp-block-list\">\n<li><a href=\"https:\/\/vrtecrad.splet.arnes.si\/files\/2023\/06\/Tedenski-jedilnik-od-1.pdf\">Tedenski jedilnik od 19.6. do 23.6.2023<\/a><\/li>\n\n\n\n<li><a href=\"https:\/\/vrtecrad.splet.arnes.si\/files\/2023\/06\/Tedenski-jedilnik-od-2.pdf\">Tedenski jedilnik od 26.6. do 30.6.2023<\/a><\/li>\n<\/ul>\n<\/div>\n\n\n\n<div class=\"wp-block-column is-layout-flow wp-block-column-is-layout-flow\">\n<figure class=\"wp-block-image size-full is-resized\"><img loading=\"lazy\" decoding=\"async\" src=\"http:\/\/vrtrad.runa.si\/wp-content\/uploads\/2023\/06\/jedilnik-trans.png\" alt=\"\" class=\"wp-image-367\" width=\"266\" height=\"243\" srcset=\"https:\/\/vrtrad.runa.si\/wp-content\/uploads\/2023\/06\/jedilnik-trans.png 355w, https:\/\/vrtrad.runa.si\/wp-content\/uploads\/2023\/06\/jedilnik-trans-300x274.png 300w\" sizes=\"auto, (max-width: 266px) 100vw, 266px\" \/><\/figure>\n<\/div>\n<\/div>\n<\/div><\/div><\/div>\n\n\n\n<div style=\"padding-left:8%;padding-right:8%;padding-bottom:5%;padding-top:5%\" class=\"wp-block-genesis-blocks-gb-container povezave gb-block-container alignfull\"><div class=\"gb-container-inside\"><div class=\"gb-container-content\" style=\"max-width:1200px\">\n<p><\/p>\n\n\n\n<div class=\"wp-block-genesis-blocks-gb-columns gb-layout-columns-3 gb-3-col-equal\"><div class=\"gb-layout-column-wrap gb-block-layout-column-gap-2 gb-is-responsive-column\">\n<div class=\"wp-block-genesis-blocks-gb-column gb-block-layout-column\"><div class=\"gb-block-layout-column-inner\">\n<ul class=\"border-left wp-block-list\">\n<li><a>Projekti<\/a><\/li>\n\n\n\n<li><a href=\"https:\/\/www.vrtec-radovljica.si\/varstvo-osebnih-podatkov-2\/\">Varstvo osebnih podatkov<\/a><\/li>\n\n\n\n<li><a href=\"https:\/\/www.vrtec-radovljica.si\/obrazci\/\">Obrazci<\/a><\/li>\n\n\n\n<li><a href=\"https:\/\/www.vrtec-radovljica.si\/povezave\/\">Povezave<\/a><\/li>\n<\/ul>\n<\/div><\/div>\n\n\n\n<div class=\"wp-block-genesis-blocks-gb-column gb-block-layout-column\"><div class=\"gb-block-layout-column-inner\">\n<ul id=\"menu-glavni-meni\" class=\"border-left wp-block-list\">\n<li><a>Prehrana v vrtcu<\/a><\/li>\n\n\n\n<li><a>Zdravstveno higienski re\u017eim<\/a><\/li>\n\n\n\n<li><a href=\"https:\/\/www.vrtec-radovljica.si\/svet-vrtca-radovljica\/\">Svet Vrtca Radovljica<\/a><\/li>\n\n\n\n<li><a>Svet star\u0161ev Vrtca Radovljica<\/a><\/li>\n<\/ul>\n<\/div><\/div>\n\n\n\n<div class=\"wp-block-genesis-blocks-gb-column gb-block-layout-column\"><div class=\"gb-block-layout-column-inner\">\n<ul class=\"wp-block-list\" id=\"menu-glavni-meni\">\n<li><a>Vpis, izpis, prosta mesta, \u010dakalna vrsta<\/a><\/li>\n\n\n\n<li><a href=\"https:\/\/www.vrtec-radovljica.si\/placilo-vrtca-in-cene-programov-2\/\">Pla\u010dilo vrtca in cene programov<\/a><\/li>\n\n\n\n<li><a>Svetovalna slu\u017eba<\/a><\/li>\n<\/ul>\n<\/div><\/div>\n<\/div><\/div>\n<\/div><\/div><\/div>\n","protected":false},"excerpt":{"rendered":"","protected":false},"author":1,"featured_media":0,"parent":0,"menu_order":0,"comment_status":"closed","ping_status":"closed","template":"","meta":{"_genesis_hide_title":true,"_genesis_hide_breadcrumbs":true,"_genesis_hide_singular_image":true,"_genesis_hide_footer_widgets":false,"_genesis_custom_body_class":"","_genesis_custom_post_class":"","_genesis_layout":"full-width-content","footnotes":""},"class_list":{"0":"post-5","1":"page","2":"type-page","3":"status-publish","5":"entry"},"featured_image_src":null,"featured_image_src_square":null,"_links":{"self":[{"href":"https:\/\/vrtrad.runa.si\/index.php?rest_route=\/wp\/v2\/pages\/5","targetHints":{"allow":["GET"]}}],"collection":[{"href":"https:\/\/vrtrad.runa.si\/index.php?rest_route=\/wp\/v2\/pages"}],"about":[{"href":"https:\/\/vrtrad.runa.si\/index.php?rest_route=\/wp\/v2\/types\/page"}],"author":[{"embeddable":true,"href":"https:\/\/vrtrad.runa.si\/index.php?rest_route=\/wp\/v2\/users\/1"}],"replies":[{"embeddable":true,"href":"https:\/\/vrtrad.runa.si\/index.php?rest_route=%2Fwp%2Fv2%2Fcomments&post=5"}],"version-history":[{"count":79,"href":"https:\/\/vrtrad.runa.si\/index.php?rest_route=\/wp\/v2\/pages\/5\/revisions"}],"predecessor-version":[{"id":444,"href":"https:\/\/vrtrad.runa.si\/index.php?rest_route=\/wp\/v2\/pages\/5\/revisions\/444"}],"wp:attachment":[{"href":"https:\/\/vrtrad.runa.si\/index.php?rest_route=%2Fwp%2Fv2%2Fmedia&parent=5"}],"curies":[{"name":"wp","href":"https:\/\/api.w.org\/{rel}","templated":true}]}}